{"id":192,"date":"2023-10-02T07:43:50","date_gmt":"2023-10-02T07:43:50","guid":{"rendered":"https:\/\/abaysbcn.com\/?page_id=192"},"modified":"2023-10-02T07:43:51","modified_gmt":"2023-10-02T07:43:51","slug":"avis-legal","status":"publish","type":"page","link":"https:\/\/abaysbcn.com\/es\/avis-legal\/","title":{"rendered":"Aviso legal"},"content":{"rendered":"<h1 class=\"wp-block-heading\">Aviso legal<\/h1>\n\n\n\n<p>El uso de este sitio web, www.abaysbcn.com, implica la aceptaci\u00f3n de estos t\u00e9rminos. Si no est\u00e1 de acuerdo con ellos, le rogamos que no utilice este sitio web.<\/p>\n\n\n\n<p>Este Aviso Legal regula el uso del sitio web www.abaysbcn.com siendo su titular ABAYS PREMIUM, S.L.<\/p>\n\n\n\n<p><strong>Responsable del tratamiento de tus datos personales&nbsp;<\/strong><strong>.<\/strong><\/p>\n\n\n\n<ul class=\"wp-block-list\">\n<li><strong>Identidad del Responsable<\/strong>\u00a0: ABAYS PREMIUM, S.L.<\/li>\n\n\n\n<li><strong>NIF<\/strong>\u00a0: B66554338<\/li>\n\n\n\n<li><strong>Correo electr\u00f3nico<\/strong>\u00a0: info@abaysbcn.com<\/li>\n\n\n\n<li><strong>Web<\/strong>\u00a0: www.abaysbcn.com<\/li>\n\n\n\n<li><strong>Tel\u00e9fono<\/strong>\u00a0: +34 932 117 331<\/li>\n<\/ul>\n\n\n\n<p>En cumplimiento de lo dispuesto en el Reglamento Europeo 2016\/679 de Protecci\u00f3n de Datos de Car\u00e1cter Personal, RGPD, y la Ley Org\u00e1nica 3\/2018, LOPD-GDD,ABAYS PREMIUM, S.L., le informa que, los datos de car\u00e1cter personal que nos proporcione a trav\u00e9s de nuestro formulario de Contacto en nuestra p\u00e1gina web, se recoger\u00e1n en nuestras bases de datos siendo responsable ABAYS PREMIUM, S.L.<\/p>\n\n\n\n<p>Podr\u00e1 ejercer sus derechos de acceso, rectificaci\u00f3n, portabilidad y supresi\u00f3n de sus datos y los de limitaci\u00f3n y oposici\u00f3n a su tratamiento en los t\u00e9rminos y condiciones previstos en la normativa legal vigente, dirigi\u00e9ndose por escrito a ABAYS PREMIUM, S.L. con un e-mail en info@abaysbcn.com.<\/p>\n\n\n\n<p>De conformidad con el art\u00edculo 32 del RGPD y con el marco normativo general de protecci\u00f3n de datos, ABAYS PREMIUM, S.L. ha adoptado las medidas de seguridad, t\u00e9cnicas, organizativas y de control proactivo necesarias. Todo esto, en funci\u00f3n del an\u00e1lisis previo del riesgo de las operaciones de tratamiento realizadas.<\/p>\n\n\n\n<p>ABAYS PREMIUM, S.L. se compromete a llevar un registro de las actividades de tratamiento tal y como se dispone en el art\u00edculo 30.2 del RGPD.<\/p>\n\n\n\n<p>Rogamos que comunique inmediatamente a ABAYS PREMIUM, S.L. cualquier modificaci\u00f3n de sus datos de car\u00e1cter personal para que la informaci\u00f3n contenida en nuestros ficheros est\u00e9 siempre actualizada y no contenga errores.<\/p>\n\n\n\n<p>Asimismo, con la aceptaci\u00f3n de este Aviso Legal reconoce que la informaci\u00f3n y datos personales recogidos son exactos y veraces. La recogida de sus datos de car\u00e1cter personal se realiza para prestar los servicios solicitados y remitirle informaci\u00f3n sobre la entidad u ofertas comerciales de otros productos y servicios, avisos y, en general, informaci\u00f3n de TOMEDIA que pueda ser de su inter\u00e9s. De conformidad con lo que prev\u00e9 la normativa actual vigente, al cumplimentar cualquiera de los formularios que aparecen en nuestra p\u00e1gina web, da su consentimiento para que sus datos sean tratados, a fin de dirigir informaci\u00f3n, siempre en el \u00e1mbito de las funciones leg\u00edtimas de cedente y cesionario.<\/p>\n\n\n\n<p>Tambi\u00e9n autoriza a ABAYS PREMIUM, S.L. para que puedan remitirle comunicaciones comerciales a trav\u00e9s del correo electr\u00f3nico o de cualquier otro medio de comunicaci\u00f3n electr\u00f3nica equivalente. Las autorizaciones para el env\u00edo de informaci\u00f3n comercial, cesi\u00f3n de datos y env\u00edo de comunicaciones comerciales por medios electr\u00f3nicos ser\u00e1n revocables, en cualquier momento, mediante comunicaci\u00f3n escrita dirigida a ABAYS PREMIUM, S.L. en la direcci\u00f3n antes mencionada, en la que deber\u00e1 indicar los siguientes datos para su identificaci\u00f3n: nombre y direcci\u00f3n.<\/p>\n\n\n\n<p>ABAYS PREMIUM, S.L. se compromete a tratar de manera absolutamente confidencial sus datos de car\u00e1cter personal y utilizarlo s\u00f3lo para las finalidades indicadas.<\/p>\n\n\n\n<p>ABAYS PREMIUM, S.L. informa que proceder\u00e1 a tratar los datos de forma l\u00edcita, leal, transparente, adecuada, pertinente, limitada, exacta y actualizada. Por eso ABAYS PREMIUM, S.L. se compromete a adoptar todas las medidas razonables para que \u00e9stos se supriman o rectifiquen sin dilaci\u00f3n cuando sean inexactas.<\/p>\n\n\n\n<p>Asimismo, le informamos que ABAYS PREMIUM, S.L. tiene implantadas las medidas t\u00e9cnicas y organizativas necesarias para garantizar la seguridad de sus datos de car\u00e1cter personal y evitar su alteraci\u00f3n, p\u00e9rdida y tratamiento y\/o acceso no autorizado, teniendo en cuenta el estado de la tecnolog\u00eda, la naturaleza de los datos almacenadas y los riesgos, provenientes de la acci\u00f3n humana o del medio f\u00edsico y natural, a los que est\u00e1n expuestos.<\/p>\n\n\n\n<p><strong>Contenido, t\u00e9rminos legales y responsabilidades.<\/strong><\/p>\n\n\n\n<p>El sitio web incluye contenidos elaborados por el titular del mismo y sus colaboradores, que tienen fines meramente informativos, ya que en alguna ocasi\u00f3n, \u00e9stos podr\u00edan no reflejar la actualidad m\u00e1s reciente, por lo que en cualquier momento estos contenidos podr\u00e1n ser modificados y\/o sustituidos por unos nuevos, sin notificaci\u00f3n previa, ni responsabilidad.<\/p>\n\n\n\n<p>Los contenidos del sitio web no pueden ser considerados, en ning\u00fan caso, como sustitutivos de cualquier tipo de asesoramiento. No habr\u00e1 ning\u00fan tipo de relaci\u00f3n comercial, profesional, ni relaci\u00f3n alguna de otra \u00edndole con los profesionales que integran el sitio web por el solo hecho del acceso por parte de los usuarios.<\/p>\n\n\n\n<p>Para el caso de existir enlaces con distintos sitios web, ABAYS PREMIUM, S.L., no se har\u00e1 responsable del contenido al no tener control sobre los mismos.<\/p>\n\n\n\n<p>El usuario cuando accede al sitio web, lo hace por su cuenta y riesgo. ABAYS PREMIUM, S.L. no garantiza ni la rapidez, ni la interrupci\u00f3n, ni la ausencia de virus en el sitio web. Asimismo, el titular del sitio web, los colaboradores, sus socios, empleados y representantes tampoco podr\u00e1n ser considerados responsables por cualquier da\u00f1o derivado de la utilizaci\u00f3n de este sitio web, ni por cualquier actuaci\u00f3n realizada en base a la informaci\u00f3n que se facilita<\/p>\n\n\n\n<p>No se garantiza la ausencia de virus u otros elementos lesivos que puedan causar da\u00f1os o alteraciones en el sistema inform\u00e1tico, en los documentos electr\u00f3nicos o en los ficheros del usuario de este sitio web. En consecuencia, no se responde por los da\u00f1os y perjuicios que estos elementos puedan ocasionar al usuario o terceros.<\/p>\n\n\n\n<p><strong>Modificaciones&nbsp;<\/strong><strong>.<\/strong><\/p>\n\n\n\n<p>ABAYS PREMIUM, S.L. se reserva el derecho a realizar las modificaciones que considere oportunas, sin previo aviso, en el contenido de su sitio web. Tanto en lo que se refiere a los contenidos del sitio web, como a las condiciones de uso. Estas modificaciones podr\u00e1n realizarse a trav\u00e9s de su sitio web por cualquier forma admisible en derecho y ser\u00e1n de obligado cumplimiento durante el tiempo en que se encuentren publicadas en la web y hasta que no sean modificadas v\u00e1lidamente por otras posteriores.<\/p>\n\n\n\n<p><strong>Marcas&nbsp;<\/strong><strong>.<\/strong><\/p>\n\n\n\n<p>EN ABAYS PREMIUM, S.L. puede que se mencionen de forma indirecta ya nivel informativo algunos t\u00e9rminos y logotipos, que constituyen marcas registradas por sus respectivos propietarios, no haci\u00e9ndonos responsable de la utilizaci\u00f3n inadecuada que pudieran hacer terceras personas respecto a estas marcas.<\/p>\n\n\n\n<p><strong>Usuario y R\u00e9gimen de Responsabilidades&nbsp;<\/strong><strong>.<\/strong><\/p>\n\n\n\n<p>La utilizaci\u00f3n de esta p\u00e1gina web le atribuye su condici\u00f3n de usuario. Se recomienda al usuario que lea atenta y detenidamente las condiciones e instrucciones publicadas cada vez que acceda a esta p\u00e1gina web, dado que el acceso implica la lectura y aceptaci\u00f3n. Mediante el acceso y uso a www.abaysbcn.com o cualquiera de sus p\u00e1ginas y subdominios, el usuario manifiesta su acuerdo de forma expresa, plena y sin reservas a las condiciones e instrucciones publicadas en el aviso legal en el momento del acceso sin perjuicio de la aplicaci\u00f3n de la correspondiente normativa de obligado cumplimiento legal seg\u00fan el caso.<\/p>\n\n\n\n<p>El sitio web de ABAYS PREMIUM, S.L. proporciona una gran diversidad de informaci\u00f3n, servicios y datos. El usuario asume la responsabilidad en el correcto uso del sitio web. Esta responsabilidad se extender\u00e1 a:<\/p>\n\n\n\n<p>La veracidad y licitud de las informaciones aportadas por el usuario a los formularios extendidos por ABAYS PREMIUM, S.L. para el acceso a ciertos contenidos o servicios ofrecidos por la web.<\/p>\n\n\n\n<p>El uso de la informaci\u00f3n, servicios y datos ofrecidos por ABAYS PREMIUM, S.L. contrariamente a lo dispuesto en estas condiciones, la Ley, la moral, las buenas costumbres o el orden p\u00fablico, o que de cualquier otra forma puedan suponer lesi\u00f3n de los derechos de terceros o del propio funcionamiento del sitio web.<\/p>\n\n\n\n<p>Cualquier utilizaci\u00f3n distinta a la autorizada est\u00e1 expresamente prohibida, y ABAYS PREMIUM, S.L. queda facultado para denegar o retirar el acceso y uso de la Web, en cualquier momento, y sin previo aviso, a aquellos usuarios que incumplan estas condiciones generales.<\/p>\n\n\n\n<p>Podr\u00e1 dirigirse a la Autoridad de Control competente para presentar la reclamaci\u00f3n que considere oportuna.<\/p>\n\n\n\n<p><strong>Menores de edad.<\/strong><\/p>\n\n\n\n<p>Para el uso de los servicios, los menores de edad deben obtener siempre previamente el consentimiento de los padres, tutores o representantes legales, responsables \u00faltimos de todos los actos realizados por los menores a su cargo. La responsabilidad en la determinaci\u00f3n de contenidos concretos a los que acceden los menores corresponde a aquellos, por lo que, si acceden a contenidos no apropiados para Internet, deber\u00e1n establecerse en sus ordenadores mecanismos, en particular programas inform\u00e1ticos, filtros y bloqueos, que permitan limitar los contenidos disponibles y, aunque no sean infalibles, son de especial utilidad para controlar y restringir los materiales a los que pueden acceder los menores.<\/p>\n\n\n\n<p><strong>Propiedad Intelectual, Normativa y Foro&nbsp;<\/strong><strong>.<\/strong><\/p>\n\n\n\n<p>El sitio web, incluyendo a t\u00edtulo enunciativo, pero no limitativo su programaci\u00f3n, edici\u00f3n, compilaci\u00f3n y otros elementos necesarios para su funcionamiento, los dise\u00f1os, logotipos, texto y\/o gr\u00e1ficos, son propiedad de ABAYS PREMIUM, S.L o si en su caso dispone de licencia o autorizaci\u00f3n expresa por parte de los autores.<\/p>\n\n\n\n<p>Todos los contenidos del sitio web se encuentran debidamente protegidos por la normativa de propiedad intelectual e industrial, as\u00ed como los inscritos en los registros p\u00fablicos correspondientes, y no se permite la reproducci\u00f3n y\/o publicaci\u00f3n, total o parcial, del sitio web, ni su tratamiento inform\u00e1tico, su distribuci\u00f3n, difusi\u00f3n, modificaci\u00f3n o transformaci\u00f3n, sin el permiso previo y por escrito.<\/p>\n\n\n\n<p>Los dise\u00f1os, logotipos, texto y\/o gr\u00e1ficos ajenos a ABAYS PREMIUM, S.L y que pudieran aparecer en el sitio web, pertenecen a sus respectivos propietarios, siendo ellos mismos responsables de cualquier posible controversia que pudiera suscitarse respecto a \u00e9stos. En todo caso ABAYS PREMIUM, S.L cuenta con la autorizaci\u00f3n expresa y previa por parte de los mismos. ABAYS PREMIUM, S.L reconoce a favor de sus titulares los correspondientes derechos de propiedad intelectual, no implicando su sola menci\u00f3n o aparici\u00f3n en el sitio web la existencia de derechos o responsabilidad prestamista sobre los mismos, como tampoco apoyo, patrocinio o recomendaci\u00f3n por \u00e9ste .<\/p>\n\n\n\n<p>El usuario puede utilizar el material que aparezca en este sitio web para uso personal y privado, quedando prohibido su uso con fines comerciales. ABAYS PREMIUM, S.L velar\u00e1 por el cumplimiento de las condiciones anteriores, como por la debida utilizaci\u00f3n de los contenidos presentados en sus p\u00e1ginas web, ejercitando todas las acciones civiles y penales que le corresponder\u00e1n en el caso de infracci\u00f3n o incumplimiento de estos derechos por parte del usuario.<\/p>\n\n\n\n<p><strong>Acciones legales, legislaci\u00f3n aplicable y jurisdicci\u00f3n&nbsp;<\/strong><strong>.<\/strong><\/p>\n\n\n\n<p>Estas condiciones de uso se rigen por la legislaci\u00f3n espa\u00f1ola, siendo competentes los juzgados y tribunales de la ciudad de ABAYS PREMIUM, S.L. para conocer de todas las cuestiones que se susciten sobre la interpretaci\u00f3n, aplicaci\u00f3n y cumplimiento de las mismas. Los usuarios, por virtud de su aceptaci\u00f3n a las condiciones generales recogidas en este Aviso Legal, renuncian expresamente a cualquier fuero que, por aplicaci\u00f3n de la vigente Ley de Enjuiciamiento Civil, pueda corresponderles.<\/p>\n\n\n\n<p>ABAYS PREMIUM, S.L se reserva, asimismo, la facultad de presentar las acciones civiles o penales que considere oportunas por la utilizaci\u00f3n indebida del sitio web y contenidos, o por el incumplimiento de las presentes condiciones.<\/p>\n\n\n\n<p>La relaci\u00f3n entre el usuario y el prestamista se regir\u00e1 por la normativa vigente y aplicable al territorio espa\u00f1ol. Si surge cualquier controversia, las partes pueden someter sus conflictos a arbitraje o acudir a la jurisdicci\u00f3n ordinaria cumpliendo con las normas sobre jurisdicci\u00f3n y competencia al respecto. ABAYS PREMIUM, S.L tiene su domicilio en Barcelona, \u200b\u200bEspa\u00f1a.<\/p>\n\n\n\n<p>Los datos de car\u00e1cter personal que nos has facilitado de forma voluntaria ser\u00e1n incorporados a un fichero del que es titular ABAYS PREMIUM, S.L. que se utilizar\u00e1 para gestionar tu suscripci\u00f3n a nuestro bolet\u00edn a trav\u00e9s del cual te mantendremos informado de los productos, novedades, sorteos , servicios, eventos y promociones de ABAYS PREMIUM, S.L, con e-mail info@abaysbcn.com, as\u00ed como la gesti\u00f3n de su inscripci\u00f3n y participaci\u00f3n en sorteos, concursos o eventos que solicite participar.<\/p>\n\n\n\n<p><strong>Suscripciones al bolet\u00edn de noticias&nbsp;<\/strong><strong>.<\/strong><\/p>\n\n\n\n<p>S\u00f3lo pueden prestar el consentimiento personas mayores de 16 a\u00f1os.<\/p>\n\n\n\n<p>Los datos personales proporcionados se conservar\u00e1n hasta que se solicite su supresi\u00f3n o revoque el consentimiento el interesado.<\/p>\n\n\n\n<p>La base legal para el tratamiento de sus datos para poder informarle por v\u00eda electr\u00f3nica sobre los productos, novedades, sorteos, servicios, eventos y promociones de ABAYS PREMIUM, S.L as\u00ed como la gesti\u00f3n de su inscripci\u00f3n y participaci\u00f3n en sorteos , concursos o eventos que solicite , es la aportaci\u00f3n del consentimiento. El consentimiento ser\u00e1 v\u00e1lido hasta que decida revocarlo.<\/p>\n\n\n\n<p>Cualquier persona tiene derecho a obtener confirmaci\u00f3n sobre si en ABAYS PREMIUM, S.L estamos tratando datos personales que les conciernan o no.<\/p>\n\n\n\n<p>Como responsable del fichero, la empresa se compromete a respetar la confidencialidad de su informaci\u00f3n de car\u00e1cter personal. Para ejercitar tus derechos de acceso, rectificaci\u00f3n, cancelaci\u00f3n y oposici\u00f3n deber\u00e1s remitir una comunicaci\u00f3n desde la cuenta de correo electr\u00f3nico que utilizaste para tramitar el alta en info@abaysbcn.com con el asunto BAJA. Tramitar la suscripci\u00f3n en el bolet\u00edn presumir\u00e1 tu consentimiento para tratar los datos en los t\u00e9rminos indicados.<\/p>\n\n\n\n<p>En el momento de la cancelaci\u00f3n de los datos, s\u00f3lo los conservaremos bloqueados en cumplimiento de obligaciones legales.<\/p>\n\n\n\n<p><strong>Servicios de Contrataci\u00f3n por Internet&nbsp;<\/strong><strong>.<\/strong><\/p>\n\n\n\n<p>Ciertos contenidos de la website de ABAYS PREMIUM, S.L contienen la posibilidad de contrataci\u00f3n por Internet. El uso de \u00e9stos requerir\u00e1 la lectura y aceptaci\u00f3n obligatoria de las condiciones generales de contrataci\u00f3n establecidas al efecto por ABAYS PREMIUM, S.L.<\/p>\n\n\n\n<p><strong>Informaci\u00f3n b\u00e1sica&nbsp;<\/strong><strong>.<\/strong><\/p>\n\n\n\n<p><strong>Responsable del tratamiento<\/strong>\u00a0: ABAYS PREMIUM, S.L<\/p>\n\n\n\n<p><strong>Finalidad del tratamiento<\/strong>&nbsp;: gestionar las consultas de los usuarios y atender a las solicitudes.<\/p>\n\n\n\n<p>Base legal para el tratamiento: el consentimiento otorgado con la aceptaci\u00f3n de la presente pol\u00edtica de protecci\u00f3n de datos.<\/p>\n\n\n\n<p><strong>Destinatarios de los datos<\/strong>&nbsp;: no ser\u00e1n comunicados a terceras personas salvo por obligaci\u00f3n legal.<\/p>\n\n\n\n<p><strong>Derechos<\/strong>\u00a0: para ejercer los derechos de acceso, rectificaci\u00f3n, portabilidad y supresi\u00f3n de sus datos y los de limitaci\u00f3n y oposici\u00f3n a su tratamiento reconocidos por la normativa, puede enviar un correo a info@abaysbcn.com.<\/p>\n\n\n\n<p>Para m\u00e1s informaci\u00f3n sobre este tratamiento y c\u00f3mo ejercer sus derechos puede consultar nuestra pol\u00edtica completa de protecci\u00f3n de datos en: https:\/\/www.abaysbcn.com.<\/p>\n\n\n\n<p><strong>Cr\u00e9ditos del website&nbsp;<\/strong><strong>.&nbsp;&nbsp;&nbsp;&nbsp;&nbsp;&nbsp;&nbsp;&nbsp;&nbsp;<\/strong><\/p>\n\n\n\n<p>ABAYS PREMIUM, S.L<\/p>\n\n\n\n<p>\u00a9 Derecho de propiedad y copyright<\/p>\n\n\n\n<p>info@abaysbcn.com<\/p>\n\n\n\n<p>Ronda del General Mitre 116     08021 barcelona<\/p>\n\n\n\n<p>Telf. \u200b\u200b+34 932 117 331<\/p>","protected":false},"excerpt":{"rendered":"<p>Av\u00eds legal L\u00b4\u00fas d\u00b4aquest lloc web, www.abaysbcn.com, implica l\u00b4acceptaci\u00f3 d\u00b4aquests termes.\u00a0Si no esteu d&#8217;acord amb ells, us preguem que no utilitzeu aquest lloc web. Aquest Av\u00eds Legal regula l&#8217;\u00fas del lloc web www.abaysbcn.com sent el seu titular ABAYS PREMIUM, S.L. Responsable del tractament de les teves dades personals&nbsp;. En compliment del que disposa el Reglament [&hellip;]<\/p>","protected":false},"author":1,"featured_media":0,"parent":0,"menu_order":0,"comment_status":"closed","ping_status":"closed","template":"","meta":{"footnotes":""},"class_list":["post-192","page","type-page","status-publish","hentry"],"_links":{"self":[{"href":"https:\/\/abaysbcn.com\/es\/wp-json\/wp\/v2\/pages\/192","targetHints":{"allow":["GET"]}}],"collection":[{"href":"https:\/\/abaysbcn.com\/es\/wp-json\/wp\/v2\/pages"}],"about":[{"href":"https:\/\/abaysbcn.com\/es\/wp-json\/wp\/v2\/types\/page"}],"author":[{"embeddable":true,"href":"https:\/\/abaysbcn.com\/es\/wp-json\/wp\/v2\/users\/1"}],"replies":[{"embeddable":true,"href":"https:\/\/abaysbcn.com\/es\/wp-json\/wp\/v2\/comments?post=192"}],"version-history":[{"count":1,"href":"https:\/\/abaysbcn.com\/es\/wp-json\/wp\/v2\/pages\/192\/revisions"}],"predecessor-version":[{"id":199,"href":"https:\/\/abaysbcn.com\/es\/wp-json\/wp\/v2\/pages\/192\/revisions\/199"}],"wp:attachment":[{"href":"https:\/\/abaysbcn.com\/es\/wp-json\/wp\/v2\/media?parent=192"}],"curies":[{"name":"wp","href":"https:\/\/api.w.org\/{rel}","templated":true}]}}