{"id":195,"date":"2023-10-02T07:40:31","date_gmt":"2023-10-02T07:40:31","guid":{"rendered":"https:\/\/abaysbcn.com\/?page_id=195"},"modified":"2023-10-02T07:40:32","modified_gmt":"2023-10-02T07:40:32","slug":"politica-de-privadesa","status":"publish","type":"page","link":"https:\/\/abaysbcn.com\/es\/politica-de-privadesa\/","title":{"rendered":"Pol\u00edtica de privacidad"},"content":{"rendered":"<h1 class=\"wp-block-heading\">Pol\u00edtica de privacidad<\/h1>\n\n\n\n<p>De acuerdo con la Ley Org\u00e1nica 3\/2018 LOPD-GDD y el Reglamento Europeo RGPD de Protecci\u00f3n de Datos personales, hemos actualizado nuestra Pol\u00edtica de Privacidad. En esta web se respetan y cuidan los datos personales de los usuarios. Como usuario debes saber que tus derechos est\u00e1n garantizados.<\/p>\n\n\n\n<p>Es necesario advertir que esta Pol\u00edtica de Privacidad podr\u00eda variar en funci\u00f3n de exigencias legislativas o de autorregulaci\u00f3n, por lo que se aconseja a los usuarios que la visiten peri\u00f3dicamente. Es de aplicaci\u00f3n en caso de que los usuarios decidan rellenar alg\u00fan formulario de cualquiera de sus formularios de contacto que se piden datos de car\u00e1cter personal.<\/p>\n\n\n\n<p>ABAYS PREMIUM, S.L ha adecuado esta web a las exigencias de la Ley Org\u00e1nica 3\/2018 LOPD-GDD y al Reglamento (UE) 2016\/679 del Parlamento Europeo y del Consejo de 27 de abril de 2016 relativo a la protecci\u00f3n de las personas f\u00edsicas RGPD, as\u00ed como con la Ley 34\/2002 de 11 de julio, de Servicios de la Sociedad de la Informaci\u00f3n y Comercio Electr\u00f3nico LSSICE.<\/p>\n\n\n\n<p><strong>Responsable del tratamiento de tus datos personales&nbsp;<\/strong><strong>.<\/strong><\/p>\n\n\n\n<ul class=\"wp-block-list\">\n<li><strong>Identidad del Responsable<\/strong>&nbsp;: ABAYS PREMIUM, S.L.<\/li>\n\n\n\n<li><strong>NIF<\/strong>&nbsp;: B66554338<\/li>\n\n\n\n<li><strong>Correo electr\u00f3nico<\/strong>&nbsp;: info@abaysbcn.com<\/li>\n\n\n\n<li><strong>Web<\/strong>&nbsp;: www.abaysbcn.com<\/li>\n\n\n\n<li><strong>Tel\u00e9fono<\/strong>&nbsp;: +34 932 117 331<\/li>\n<\/ul>\n\n\n\n<p><strong>Principios que aplicaremos a tu informaci\u00f3n&nbsp;<\/strong><strong>.<\/strong><\/p>\n\n\n\n<p>En el tratamiento de tus datos personales, aplicaremos los siguientes principios que se ajustan a las exigencias del nuevo reglamento europeo de protecci\u00f3n de datos:<\/p>\n\n\n\n<p>Principio de licitud, lealtad y transparencia: siempre requeriremos su consentimiento para el tratamiento de tus datos personales para uno o varios fines espec\u00edficos que te informaremos previamente con absoluta transparencia.<\/p>\n\n\n\n<p>Principio de minimizaci\u00f3n de datos: s\u00f3lo solicitaremos datos estrictamente necesarios en relaci\u00f3n con los fines para los que los requerimos.<\/p>\n\n\n\n<p>Principio de limitaci\u00f3n del plazo de conservaci\u00f3n: los datos ser\u00e1n mantenidos durante no m\u00e1s tiempo del necesario para los fines del tratamiento, en funci\u00f3n de la finalidad, le informaremos del plazo de conservaci\u00f3n correspondiente, en el caso de suscripciones, peri\u00f3dicamente revisamos nuestras listas y eliminamos aquellos registros inactivos durante un tiempo considerable.<\/p>\n\n\n\n<p>Principio de integridad y confidencialidad: tus datos ser\u00e1n tratados de forma que se garantice una seguridad adecuada de los datos personales y se garantice confidencialidad. Tomamos todas las precauciones necesarias para evitar el acceso no autorizado o uso indebido de los datos de nuestros usuarios por terceros.<\/p>\n\n\n\n<p><strong>\u00bfC\u00f3mo hemos obtenido los datos?<\/strong><\/p>\n\n\n\n<p>Los datos personales que tratamos proceden de:<\/p>\n\n\n\n<ul class=\"wp-block-list\">\n<li>Formulario de contacto.<\/li>\n\n\n\n<li>Tel\u00e9fono.<\/li>\n\n\n\n<li>Web.<\/li>\n\n\n\n<li>Actividades.<\/li>\n\n\n\n<li>E-mail.<\/li>\n\n\n\n<li>Visitas.<\/li>\n<\/ul>\n\n\n\n<p><strong>\u00bfCu\u00e1les son tus derechos cuando nos facilitas los datos?<\/strong><\/p>\n\n\n\n<p>Los interesados \u200b\u200btienen derecho a:<\/p>\n\n\n\n<ul class=\"wp-block-list\">\n<li>Solicitar el acceso a los datos personales relativos a la persona interesada.<\/li>\n\n\n\n<li>Solicitar su rectificaci\u00f3n.<\/li>\n\n\n\n<li>Solicitar la baja de nuestra base de datos.<\/li>\n\n\n\n<li>Solicitar la limitaci\u00f3n del tratamiento.<\/li>\n\n\n\n<li>Oponerse al tratamiento.<\/li>\n<\/ul>\n\n\n\n<p>Los interesados \u200b\u200bpueden acceder a sus datos personales, as\u00ed como solicitar la rectificaci\u00f3n de los datos inexactos o, en su caso, solicitar su eliminaci\u00f3n cuando, entre otros motivos, los datos ya no sean necesarios para los fines que van ser recogidas. En determinadas circunstancias, los interesados \u200b\u200bpodr\u00e1n solicitar la limitaci\u00f3n del tratamiento de sus datos, en cuyo caso \u00fanicamente los conservaremos para el ejercicio o la defensa de reclamaciones. En determinadas circunstancias y por motivos relacionados con su situaci\u00f3n particular, los interesados \u200b\u200bpodr\u00e1n oponerse al tratamiento de sus datos. posibles reclamaciones. Como interesado, tienes derecho a recibir los datos personales que te incumban, que nos hayas facilitado y en un formato estructurado, de uso com\u00fan y lectura mec\u00e1nica, y transmitirlos a otro responsable del tratamiento cuando:<\/p>\n\n\n\n<ul class=\"wp-block-list\">\n<li>El tratamiento est\u00e9 basado en el consentimiento.<\/li>\n\n\n\n<li>Los datos hayan sido facilitados por el interesado.<\/li>\n\n\n\n<li>El tratamiento se realiza por medios automatizados.<\/li>\n<\/ul>\n\n\n\n<p>Los interesados \u200b\u200btambi\u00e9n tienen derecho a la tutela judicial efectiva ya presentar una reclamaci\u00f3n ante la autoridad de control, en este caso, la Agencia Espa\u00f1ola de Protecci\u00f3n de Datos, si consideran que el tratamiento de datos personales que le conciernen infringe el Reglamento.<\/p>\n\n\n\n<p><strong>\u00bfCon qu\u00e9 finalidad tratamos sus datos personales?<\/strong><\/p>\n\n\n\n<p>Sus datos personales s\u00f3lo se utilizar\u00e1n para las siguientes finalidades:<\/p>\n\n\n\n<ul class=\"wp-block-list\">\n<li>Realizar las gestiones comerciales y administrativas necesarias con los usuarios de la web.<\/li>\n\n\n\n<li>Enviar las comunicaciones comerciales publicitarias por correo electr\u00f3nico, fax, SMS, MMS, comunidades sociales o cualquier otro medio electr\u00f3nico o f\u00edsico, en caso de que el Usuario haya consentido expresamente el env\u00edo de comunicaciones comerciales por v\u00eda electr\u00f3nica mediante la suscripci\u00f3n de la newsletter.<\/li>\n\n\n\n<li>Responder a las consultas y\/o proporcionar informaciones requeridas por el Usuario;<\/li>\n\n\n\n<li>Realizar las prestaciones de servicios y\/o productos contratados o suscritos por el Usuario<\/li>\n\n\n\n<li>Utilizar los datos para contactarnos, tanto por v\u00eda electr\u00f3nica como por electr\u00f3nica, para obtener su opini\u00f3n sobre el servicio prestado.<\/li>\n\n\n\n<li>Notificar cambios, desarrollos importantes de la pol\u00edtica de privacidad, aviso legal o pol\u00edtica de cookies.<\/li>\n\n\n\n<li>Los datos de clientes y\/o proveedores ser\u00e1n tratados, dentro de la relaci\u00f3n contractual que los vincula con el responsable, en cumplimiento de las obligaciones administrativas, fiscales, contables y laborales que sean necesarias en virtud de la legislaci\u00f3n vigente.<\/li>\n<\/ul>\n\n\n\n<p>Puede revocar en cualquier momento su consentimiento remitiendo un escrito con el asunto \u201cBaja\u201d a info@abaysbcn.com.<\/p>\n\n\n\n<p>De acuerdo con la LSSICE, ABAYS PREMIUM, S.L no hace pr\u00e1cticas de SPAM, por tanto, no env\u00eda correos comerciales por correo electr\u00f3nico que no hayan sido previamente solicitados o autorizados por el Usuario. En consecuencia, en todas las comunicaciones que recibir\u00e1 de prestamista, el usuario tiene la posibilidad de cancelar su consentimiento expreso para recibir nuestras comunicaciones.<\/p>\n\n\n\n<p>No trataremos sus datos personales para ning\u00fan otro fin de los descritos salvo por obligaci\u00f3n legal o requerimiento judicial.<\/p>\n\n\n\n<p>De acuerdo con lo establecido en la Ley Org\u00e1nica 3\/2018 (LOPD-GDD) y en el Reglamento General de protecci\u00f3n de datos europeo (RGPD) 2016\/679, ABAYS PREMIUM, S.L ser\u00e1 responsable del tratamiento de los datos correspondientes a Usuarios de la web y suscriptores. ABAYS PREMIUM, S.L no vende, alquila o cede datos de car\u00e1cter personal que puedan identificar al usuario, ni lo har\u00e1 en el futuro, a terceros sin el previo consentimiento. Siempre se realizar\u00e1 con los est\u00e1ndares de seguridad m\u00e1s estrictos.<\/p>\n\n\n\n<p><strong>Enviar un mensaje de correo electr\u00f3nico a efectos de contacto&nbsp;<\/strong><strong>.<\/strong><\/p>\n\n\n\n<p>Un caso especial de tratamiento de datos en ABAYS PREMIUM, S.L, se refiere a los mensajes de correo electr\u00f3nico que los usuarios env\u00edan para contactar con nuestra empresa para hacer preguntas sobre nuestros productos. Aunque existe un formulario de captaci\u00f3n de datos, a efectos de contacto, los usuarios pueden tambi\u00e9n enviar mensajes de correo electr\u00f3nico. A tal fin, ABAYS PREMIUM, S.L utiliza el sistema de correo electr\u00f3nico Gmail (Google). Los mensajes de los usuarios con este prop\u00f3sito quedan almacenados en la cuenta de Gmail de ABAYS PREMIUM, S.L y los datos correspondientes (email y nombre) bajo la pol\u00edtica de privacidad de Google. Los datos almacenados en la cuenta de Gmail ni se ceden ni se comparten con nadie; y puedes ejercer tus derechos legales, seg\u00fan se especifica en esta pol\u00edtica de privacidad.<\/p>\n\n\n\n<p><strong>Legitimaci\u00f3n para el tratamiento de tus datos&nbsp;<\/strong><strong>.<\/strong><\/p>\n\n\n\n<p>La base legal para el tratamiento de los datos es el consentimiento otorgado para realizar las finalidades anteriormente descritas, que se solicitar\u00e1 en el momento de marcaci\u00f3n de la casilla correspondiente a la hora de recoger los datos.<\/p>\n\n\n\n<p>No facilitar los datos personales solicitados o no aceptar esta pol\u00edtica de protecci\u00f3n de datos supone la imposibilidad de suscribirse, registrarse o recibir informaci\u00f3n de los productos y servicios del prestamista.<\/p>\n\n\n\n<p>Para contactar o enviar formularios a esta web se requiere el consentimiento de esta Pol\u00edtica de privacidad. La oferta prospectiva o comercial de productos y servicios est\u00e1 basada en el consentimiento que se le solicita.<\/p>\n\n\n\n<p>En los casos en que exista una relaci\u00f3n contractual previa entre las partes, la legitimaci\u00f3n para el desarrollo de las obligaciones administrativas, fiscales, contables y laborales que sean necesarias en virtud de la legislaci\u00f3n vigente ser\u00e1 la existencia previa de la relaci\u00f3n comercial establecida entre las partes. . En los casos en que exista una relaci\u00f3n contractual previa entre las partes, la legitimaci\u00f3n para el desarrollo de las obligaciones administrativas, fiscales, contables y laborales que sean necesarias en virtud de la legislaci\u00f3n vigente ser\u00e1 la existencia previa de la relaci\u00f3n comercial establecida entre las partes. .<\/p>\n\n\n\n<p><strong>Categor\u00eda de los datos<\/strong><\/p>\n\n\n\n<p>Las categor\u00edas de datos que se tratan son datos identificativos. Pueden tratarse y se tratan categor\u00edas de datos especialmente protegidas.<\/p>\n\n\n\n<p><strong>\u00bfPor cu\u00e1nto tiempo conservaremos tus datos?<\/strong><\/p>\n\n\n\n<p>Los datos personales proporcionados se conservar\u00e1n hasta que el interesado no solicite su baja.<\/p>\n\n\n\n<p><strong>\u00bfA qu\u00e9 destinatarios se comunicar\u00e1n sus datos?<\/strong><\/p>\n\n\n\n<p>Muchas herramientas que utilizamos para gestionar tus datos son contratadas por terceros. Para prestar servicios estrictamente necesarios para el desarrollo de la actividad, ABAYS PREMIUM, S.L comparte datos con los siguientes prestamistas bajo sus correspondientes condiciones de privacidad:<\/p>\n\n\n\n<p><strong>Google Analytics<\/strong>\u00a0: un servicio anal\u00edtico de web prestado por Google, Inc., una compa\u00f1\u00eda de Delaware que tiene como oficina principal en 1600 Amphitheatre Parkway, Mountain View (California), CA 94043, Estados Unidos (\u201cGoogle\u201d). Google Analytics utiliza \u201ccookies\u201d, que son archivos de texto ubicados en su ordenador, para ayudar a ABAYS PREMIUM, S.L a analizar el uso que hacen los usuarios del sitio web. La informaci\u00f3n que genera la cookie sobre su uso de ABAYS PREMIUM, S.L ser\u00e1 directamente transmitida y archivada por Google en los servidores de Estados Unidos. La direcci\u00f3n IP es anonimizada, por lo que no ser\u00e1 recopilada por Google.<\/p>\n\n\n\n<p><strong>Navegaci\u00f3n<\/strong><\/p>\n\n\n\n<p>Al navegar por www.abaysbcn.com se pueden recoger datos no identificables, que pueden incluir, direcciones IP, ubicaci\u00f3n geogr\u00e1fica (aproximadamente), un registro de c\u00f3mo se utilizan los servicios y sitios, y otros datos que no pueden ser utilizados para identificar el usuario. Entre los datos no identificativos se encuentran tambi\u00e9n los relacionados con tus h\u00e1bitos de navegaci\u00f3n a trav\u00e9s de servicios de terceros.<\/p>\n\n\n\n<p>Esta web utiliza los siguientes servicios de an\u00e1lisis de terceros:<\/p>\n\n\n\n<p><strong>Google Analytics<\/strong>&nbsp;: Utilizamos esta informaci\u00f3n para analizar tendencias, administrar el sitio, rastrear los movimientos de los usuarios alrededor del sitio y para recopilar informaci\u00f3n demogr\u00e1fica sobre nuestra base de usuarios en su conjunto.<\/p>\n\n\n\n<p><strong>Secreto y seguridad de los datos&nbsp;<\/strong><strong>.<\/strong><\/p>\n\n\n\n<p>ABAYS PREMIUM, S.L se compromete al uso y tratamiento de los datos incluidos personales de los usuarios, respetando su confidencialidad ya utilizarlos de acuerdo con la finalidad, as\u00ed como a dar cumplimiento a su obligaci\u00f3n de guardar y adaptar todas las medidas para evitar la alteraci\u00f3n, p\u00e9rdida, tratamiento o acceso no autorizado, de conformidad con lo establecido en la normativa vigente de protecci\u00f3n de datos.<\/p>\n\n\n\n<p>ABAYS PREMIUM, S.L no puede garantizar la absoluta inexpugnabilidad de la red Internet y, por tanto, la violaci\u00f3n de los datos mediante accesos fraudulentos por parte de terceros.<\/p>\n\n\n\n<p>En cuanto a la confidencialidad del procesamiento, ABAYS PREMIUM, S.L aseg\u00farese de que cualquier persona que est\u00e9 autorizada por nosotros para procesar los datos del cliente (incluido su personal, colaboradores y prestamistas), estar\u00e1 bajo la obligaci\u00f3n apropiada de confidencialidad (ya sea un deber contractual o legal).<\/p>\n\n\n\n<p>Cuando se presente alg\u00fan incidente de seguridad, al darse cuenta ABAYS PREMIUM, S.L., notificar\u00e1 al Cliente sin demoras indebidas y proporcionar\u00e1 informaci\u00f3n oportuna relacionada con el Incidente de Seguridad tal y como se conozca o cuando el Cliente lo solicite razonablemente.<\/p>\n\n\n\n<p><strong>Exactitud y veracidad de los datos&nbsp;<\/strong><strong>.<\/strong><\/p>\n\n\n\n<p>Como usuario, eres el \u00fanico responsable de la veracidad y correcci\u00f3n de los datos que hagas llegar a ABAYS PREMIUM, S.L exonerante ABAYS PREMIUM, S.L, de cualquier responsabilidad al respecto.<\/p>\n\n\n\n<p>Los usuarios garantizan y responden, en cualquier caso, de la exactitud, vigencia y autenticidad de los datos personales facilitados, comprometi\u00e9ndose a mantenerlos debidamente actualizados. El usuario acepta proporcionar informaci\u00f3n completa y correcta en el formulario de contacto o de Cursos y Eventos.<\/p>\n\n\n\n<p><strong>Aceptaci\u00f3n y consentimiento&nbsp;<\/strong><strong>.<\/strong><\/p>\n\n\n\n<p>El usuario declara haber sido informado de las condiciones sobre protecci\u00f3n de datos de car\u00e1cter personal, aceptando y consintiendo su tratamiento por parte de ABAYS PREMIUM, S.L en la forma y para las finalidades indicadas en esta pol\u00edtica de privacidad.<\/p>\n\n\n\n<p><strong>Revocabilidad&nbsp;<\/strong><strong>.<\/strong><\/p>\n\n\n\n<p>El consentimiento prestado, tanto por el tratamiento como para la cesi\u00f3n de los datos de los interesados, es revocable en cualquier momento comunic\u00e1ndolo a ABAYS PREMIUM, S.L. en los t\u00e9rminos establecidos en esta Pol\u00edtica para el ejercicio de los derechos ARCO y los establecidos en las distintas normativas vigentes. Esta revocaci\u00f3n en ning\u00fan caso tiene car\u00e1cter retroactivo.<\/p>\n\n\n\n<p><strong>Cambios en la pol\u00edtica de privacidad&nbsp;<\/strong><strong>.<\/strong><\/p>\n\n\n\n<p>ABAYS PREMIUM, S.L es reserva el dret a modificar aquesta pol\u00edtica per adaptar-la a novetats legislatives o jurisprudencials, aix\u00ed com a pr\u00e0ctiques de la ind\u00fastria.\u00a0En aquests sup\u00f2sits, ABAYS PREMIUM, S.L anunciar\u00e0 en aquesta p\u00e0gina els canvis introdu\u00efts amb una antelaci\u00f3 raonable a la seva posada en pr\u00e0ctica.<\/p>\n\n\n\n<p><strong>Correos comerciales&nbsp;<\/strong><strong>.<\/strong><\/p>\n\n\n\n<p>De acuerdo con la LSSICE, www.abaysbcn.com no realiza pr\u00e1cticas de SPAM, por lo que no env\u00eda correos comerciales por v\u00eda electr\u00f3nica que no hayan sido previamente solicitados o autorizados por el usuario.<\/p>\n\n\n\n<p>De acuerdo con lo dispuesto en la Ley 34\/2002 de Servicios de la Sociedad de la Informaci\u00f3n y de Comercio Electr\u00f3nico, www.abaysbcn.com se compromete a no enviar comunicaciones de car\u00e1cter comercial sin identificarlas debidamente.<\/p>\n\n\n\n<p><strong>Medios Oficiales de Comunicaci\u00f3n&nbsp;<\/strong><strong>.<\/strong><\/p>\n\n\n\n<p>Se informa al usuario que los medios habilitados para la empresa para comunicarse con clientes y otros afectados son el tel\u00e9fono corporativo, los tel\u00e9fonos m\u00f3viles de empresa y el correo electr\u00f3nico corporativo.<\/p>\n\n\n\n<p>Si remite informaci\u00f3n personal a trav\u00e9s de un medio de comunicaci\u00f3n distinto a los indicados en este apartado, ABAYS PREMIUM, S.L queda exenta de responsabilidad en relaci\u00f3n con las medidas de seguridad que disponga el medio en cuesti\u00f3n.<\/p>\n\n\n\n<p><strong>P\u00edxeles.<\/strong><\/p>\n\n\n\n<p>Un p\u00edxel es una imagen diminuta que puede encontrarse en correos electr\u00f3nicos y p\u00e1ginas web, y que requiere una llamada (que proporciona informaci\u00f3n sobre el dispositivo y la visita) a nuestros servidores para que este p\u00edxel se represente en estos correos electr\u00f3nicos y p\u00e1ginas web. Utilizamos p\u00edxeles para obtener m\u00e1s informaci\u00f3n sobre sus interacciones con el contenido web y de correo electr\u00f3nico, como si has interactuado con anuncios o publicaciones. Los p\u00edxeles tambi\u00e9n nos permiten, a nosotros ya terceros, colocar cookies en su navegador.<\/p>\n\n\n\n<p><strong>Destinatarios de Cesiones o Transferencias&nbsp;<\/strong><strong>.<\/strong><\/p>\n\n\n\n<p>ABAYS PREMIUM, S.L no lleva a cabo ninguna cesi\u00f3n o comunicaci\u00f3n de datos a menos que haya necesidad razonable para cumplir con un procedimiento judicial, obligaci\u00f3n legal o previa obtenci\u00f3n del consentimiento del usuario.<\/p>\n\n\n\n<p>Tampoco se realizar\u00e1n transferencias internacionales de sus datos de car\u00e1cter personal sin su consentimiento previo sin perjuicio de poder bloquear o cancelar su cuenta si puede haber indicios de la comisi\u00f3n de alg\u00fan delito por parte del usuario. La informaci\u00f3n facilitada ser\u00e1 s\u00f3lo la que disponga en ese momento el prestamista.<\/p>\n\n\n\n<p>ABAYS PREMIUM, S.L no ceder\u00e1 los datos recogidos a terceros salvo que exista necesidad razonable para cumplir un procedimiento judicial, obligaci\u00f3n legal o previa obtenci\u00f3n del consentimiento del usuario.<\/p>\n\n\n\n<p><strong>Lengua&nbsp;<\/strong><strong>.<\/strong><\/p>\n\n\n\n<p>El idioma aplicable a esta pol\u00edtica de privacidad es el espa\u00f1ol. Por tanto, en caso de que hubiera alguna contradicci\u00f3n en alguna de las versiones facilitadas en otros idiomas, prevalecer\u00e1 la versi\u00f3n en catal\u00e1n.<\/p>\n\n\n\n<p><strong>Legislaci\u00f3n&nbsp;<\/strong><strong>.<\/strong><\/p>\n\n\n\n<p>Con car\u00e1cter general las relaciones entre ABAYS PREMIUM, S.L con los Usuarios de sus servicios telem\u00e1ticos, presentes en esta web, est\u00e1n sometidos a la legislaci\u00f3n y jurisdicci\u00f3n espa\u00f1ola a la que se someten expresamente las partes, siendo competentes para la resoluci\u00f3n de todos los conflictos derivados o relacionados con uso los Juzgados y Tribunales de Barcelona.\u00a0\u00a0\u00a0\u00a0\u00a0\u00a0\u00a0\u00a0\u00a0\u00a0\u00a0\u00a0\u00a0\u00a0\u00a0\u00a0\u00a0\u00a0\u00a0\u00a0\u00a0\u00a0\u00a0\u00a0<\/p>\n\n\n\n<p><strong>Propiedad intelectual e industrial&nbsp;<\/strong><strong>.<\/strong><\/p>\n\n\n\n<p>ABAYS PREMIUM, S.L por s\u00ed misma o como cesionaria, es titular de todos los derechos de propiedad intelectual e industrial de su p\u00e1gina web, as\u00ed como de los elementos contenidos en la misma (a t\u00edtulo enunciativo, im\u00e1genes, sonido, audio, v\u00eddeo, software o textos, marcas o logotipos, combinaciones de colores, estructura y dise\u00f1o, selecci\u00f3n de materiales usados, programas de ordenador necesarios para su funcionamiento, acceso y uso, etc.), titularidad de ABAYS PREMIUM, S.L ser\u00e1n, por tanto, obras protegidas como propiedad intelectual por el ordenamiento jur\u00eddico espa\u00f1ol, y les son de aplicaci\u00f3n tanto la normativa espa\u00f1ola y comunitaria en este campo, como los tratados internacionales relativos a la materia y suscritos por Espa\u00f1a.<\/p>\n\n\n\n<p>Todos los derechos reservados. En virtud de lo dispuesto en la Ley de propiedad intelectual, quedan expresamente prohibidas la reproducci\u00f3n, distribuci\u00f3n y comunicaci\u00f3n p\u00fablica, incluida su modalidad de puesta a disposici\u00f3n, de la totalidad o parte de los contenidos de esta p\u00e1gina web, con fines comerciales, en cualquier soporte y por cualquier medio t\u00e9cnico, sin la autorizaci\u00f3n de ABAYS PREMIUM, S.L.<\/p>\n\n\n\n<p>El usuario se compromete a respetar los derechos de propiedad intelectual e industrial titularidad de ABAYS PREMIUM, S.L podr\u00e1 visualizar los elementos del portal e incluso imprimirlos, copiarlos y almacenarlos en el disco duro de su ordenador o en cualquier otro soporte f\u00edsico siempre que sea, \u00fanica y exclusivamente, para uso personal y privado. El usuario deber\u00e1 abstenerse de suprimir, alterar, eludir o manipular cualquier dispositivo de protecci\u00f3n o sistema de seguridad que est\u00e9 instalado en las p\u00e1ginas de ABAYS PREMIUM, S.L.<\/p>","protected":false},"excerpt":{"rendered":"<p>Pol\u00edtica de privadesa D&#8217;acord amb la Llei Org\u00e0nica 3\/2018 LOPD-GDD i amb el Reglament Europeu RGPD de Protecci\u00f3 de Dades personals, hem actualitzat la nostra Pol\u00edtica de Privadesa.&nbsp;En aquesta web es respecten i cuiden les dades personals dels usuaris.&nbsp;Com a usuari has de saber que els teus drets estan garantits. Cal advertir que aquesta Pol\u00edtica [&hellip;]<\/p>","protected":false},"author":1,"featured_media":0,"parent":0,"menu_order":0,"comment_status":"closed","ping_status":"closed","template":"","meta":{"footnotes":""},"class_list":["post-195","page","type-page","status-publish","hentry"],"_links":{"self":[{"href":"https:\/\/abaysbcn.com\/es\/wp-json\/wp\/v2\/pages\/195","targetHints":{"allow":["GET"]}}],"collection":[{"href":"https:\/\/abaysbcn.com\/es\/wp-json\/wp\/v2\/pages"}],"about":[{"href":"https:\/\/abaysbcn.com\/es\/wp-json\/wp\/v2\/types\/page"}],"author":[{"embeddable":true,"href":"https:\/\/abaysbcn.com\/es\/wp-json\/wp\/v2\/users\/1"}],"replies":[{"embeddable":true,"href":"https:\/\/abaysbcn.com\/es\/wp-json\/wp\/v2\/comments?post=195"}],"version-history":[{"count":1,"href":"https:\/\/abaysbcn.com\/es\/wp-json\/wp\/v2\/pages\/195\/revisions"}],"predecessor-version":[{"id":196,"href":"https:\/\/abaysbcn.com\/es\/wp-json\/wp\/v2\/pages\/195\/revisions\/196"}],"wp:attachment":[{"href":"https:\/\/abaysbcn.com\/es\/wp-json\/wp\/v2\/media?parent=195"}],"curies":[{"name":"wp","href":"https:\/\/api.w.org\/{rel}","templated":true}]}}